{"id":1350,"date":"2020-11-12T16:09:06","date_gmt":"2020-11-12T16:09:06","guid":{"rendered":"https:\/\/www.meyer-kuehlanlagen.de\/?page_id=1350"},"modified":"2020-12-08T20:45:55","modified_gmt":"2020-12-08T19:45:55","slug":"karriere","status":"publish","type":"page","link":"https:\/\/www.meyer-kuehlanlagen.de\/index.php\/karriere\/","title":{"rendered":"Karriere"},"content":{"rendered":"<p><div class=\"fusion-fullwidth fullwidth-box fusion-builder-row-1 nonhundred-percent-fullwidth non-hundred-percent-height-scrolling\" style=\"--awb-border-radius-top-left:0px;--awb-border-radius-top-right:0px;--awb-border-radius-bottom-right:0px;--awb-border-radius-bottom-left:0px;--awb-padding-top:30px;--awb-padding-left:24px;--awb-margin-top:0px;--awb-flex-wrap:wrap;\" ><div class=\"fusion-builder-row fusion-row\"><div class=\"fusion-layout-column fusion_builder_column fusion-builder-column-0 fusion_builder_column_1_2 1_2 fusion-one-half fusion-column-first\" style=\"--awb-bg-size:cover;width:50%;width:calc(50% - ( ( 4% ) * 0.5 ) );margin-right: 4%;\"><div class=\"fusion-column-wrapper fusion-column-has-shadow fusion-flex-column-wrapper-legacy\"><div class=\"fusion-text fusion-text-1\"><p>Wir stellen Sie ein und freuen uns auf Ihre Bewerbung.<\/p>\n<p>Um verantwortlich mit der Gesundheit von Bewerbern und Mitarbeitern umzugehen, achten wir beim Bewerbungsprozess auf die Einhaltung der notwendigen Hygieneregeln.<\/p>\n<p>Wir sind gespannt, Sie kennenzulernen.<\/p>\n<\/div><div class=\"fusion-clearfix\"><\/div><\/div><\/div><div class=\"fusion-layout-column fusion_builder_column fusion-builder-column-1 fusion_builder_column_1_2 1_2 fusion-one-half fusion-column-last\" style=\"--awb-bg-size:cover;width:50%;width:calc(50% - ( ( 4% ) * 0.5 ) );\"><div class=\"fusion-column-wrapper fusion-column-has-shadow fusion-flex-column-wrapper-legacy\"><div class=\"fusion-image-element in-legacy-container\" style=\"--awb-margin-top:0px;--awb-margin-right:25px;--awb-margin-bottom:0px;--awb-margin-left:5px;--awb-caption-title-font-family:var(--h2_typography-font-family);--awb-caption-title-font-weight:var(--h2_typography-font-weight);--awb-caption-title-font-style:var(--h2_typography-font-style);--awb-caption-title-size:var(--h2_typography-font-size);--awb-caption-title-transform:var(--h2_typography-text-transform);--awb-caption-title-line-height:var(--h2_typography-line-height);--awb-caption-title-letter-spacing:var(--h2_typography-letter-spacing);\"><span class=\" fusion-imageframe imageframe-none imageframe-1 hover-type-none\"><img decoding=\"async\" width=\"1000\" height=\"542\" title=\"Firmengeb\u00e4ude\" src=\"https:\/\/www.meyer-kuehlanlagen.de\/wp-content\/uploads\/2016\/08\/meyer_1000.jpg\" alt class=\"img-responsive wp-image-1078\" srcset=\"https:\/\/www.meyer-kuehlanlagen.de\/wp-content\/uploads\/2016\/08\/meyer_1000-200x108.jpg 200w, https:\/\/www.meyer-kuehlanlagen.de\/wp-content\/uploads\/2016\/08\/meyer_1000-400x217.jpg 400w, https:\/\/www.meyer-kuehlanlagen.de\/wp-content\/uploads\/2016\/08\/meyer_1000-600x325.jpg 600w, https:\/\/www.meyer-kuehlanlagen.de\/wp-content\/uploads\/2016\/08\/meyer_1000-800x434.jpg 800w, https:\/\/www.meyer-kuehlanlagen.de\/wp-content\/uploads\/2016\/08\/meyer_1000.jpg 1000w\" sizes=\"(max-width: 1000px) 100vw, 600px\" \/><\/span><\/div><div class=\"fusion-clearfix\"><\/div><\/div><\/div><\/div><\/div><div class=\"fusion-fullwidth fullwidth-box fusion-builder-row-2 fusion-flex-container nonhundred-percent-fullwidth non-hundred-percent-height-scrolling\" style=\"--awb-border-radius-top-left:0px;--awb-border-radius-top-right:0px;--awb-border-radius-bottom-right:0px;--awb-border-radius-bottom-left:0px;--awb-padding-top:30px;--awb-background-color:rgba(225,225,225,0.8);--awb-flex-wrap:wrap;\" ><div class=\"fusion-builder-row fusion-row fusion-flex-align-items-flex-start fusion-flex-content-wrap\" style=\"max-width:1216.8px;margin-left: calc(-4% \/ 2 );margin-right: calc(-4% \/ 2 );\"><div class=\"fusion-layout-column fusion_builder_column fusion-builder-column-2 fusion_builder_column_1_1 1_1 fusion-flex-column\" style=\"--awb-bg-size:cover;--awb-width-large:100%;--awb-margin-top-large:0px;--awb-spacing-right-large:1.92%;--awb-margin-bottom-large:20px;--awb-spacing-left-large:1.92%;--awb-width-medium:100%;--awb-order-medium:0;--awb-spacing-right-medium:1.92%;--awb-spacing-left-medium:1.92%;--awb-width-small:100%;--awb-order-small:0;--awb-spacing-right-small:1.92%;--awb-spacing-left-small:1.92%;\"><div class=\"fusion-column-wrapper fusion-column-has-shadow fusion-flex-justify-content-flex-start fusion-content-layout-column\"><div class=\"fusion-title title fusion-title-1 fusion-sep-none fusion-title-text fusion-title-size-one\"><h1 class=\"fusion-title-heading title-heading-left fusion-responsive-typography-calculated\" style=\"margin:0;--fontSize:32;line-height:1.4;\">Wir stellen ein:<\/h1><\/div><div class=\"fusion-recent-posts fusion-recent-posts-1 avada-container layout-default layout-columns-2\"><section class=\"fusion-columns columns fusion-columns-2 columns-2\"><article class=\"post fusion-column column col col-lg-6 col-md-6 col-sm-6\"><div class=\"recent-posts-content\"><span class=\"vcard\" style=\"display: none;\"><span class=\"fn\"><a href=\"https:\/\/www.meyer-kuehlanlagen.de\/index.php\/author\/info_c2bnor23\/\" title=\"Beitr\u00e4ge von admin\" rel=\"author\">admin<\/a><\/span><\/span><span class=\"updated\" style=\"display:none;\">2026-03-03T11:53:39+01:00<\/span><h4 class=\"entry-title\"><a href=\"https:\/\/www.meyer-kuehlanlagen.de\/index.php\/2026\/03\/03\/helfer-w-m-d\/\">Helfer (w\/m\/d)<\/a><\/h4><p class=\"meta\"><span class=\"vcard\" style=\"display: none;\"><span class=\"fn\"><a href=\"https:\/\/www.meyer-kuehlanlagen.de\/index.php\/author\/info_c2bnor23\/\" title=\"Beitr\u00e4ge von admin\" rel=\"author\">admin<\/a><\/span><\/span><span class=\"updated\" style=\"display:none;\">2026-03-03T11:53:39+01:00<\/span><span>3. M\u00e4rz 2026<\/span><span class=\"fusion-inline-sep\">|<\/span><\/p><p> Zur Erweiterung unseres Teams ben\u00f6tigen wir ab sofort eine\/n Helfer\/in (w\/m\/d).  Deine Aufgaben  Du unterst\u00fctzt die Montagearbeiten auf unseren Baustellen f\u00fcr verschiedene Projekte Wartung, Dichtheitspr\u00fcfungen und Dokumentation der Anlagen Du wirst auf [...]<\/p><\/div><\/article><article class=\"post fusion-column column col col-lg-6 col-md-6 col-sm-6\"><div class=\"recent-posts-content\"><span class=\"vcard\" style=\"display: none;\"><span class=\"fn\"><a href=\"https:\/\/www.meyer-kuehlanlagen.de\/index.php\/author\/info_c2bnor23\/\" title=\"Beitr\u00e4ge von admin\" rel=\"author\">admin<\/a><\/span><\/span><span class=\"updated\" style=\"display:none;\">2026-03-03T11:54:18+01:00<\/span><h4 class=\"entry-title\"><a href=\"https:\/\/www.meyer-kuehlanlagen.de\/index.php\/2026\/03\/03\/quereinsteiger-w-m-d\/\">Quereinsteiger (w\/m\/d)<\/a><\/h4><p class=\"meta\"><span class=\"vcard\" style=\"display: none;\"><span class=\"fn\"><a href=\"https:\/\/www.meyer-kuehlanlagen.de\/index.php\/author\/info_c2bnor23\/\" title=\"Beitr\u00e4ge von admin\" rel=\"author\">admin<\/a><\/span><\/span><span class=\"updated\" style=\"display:none;\">2026-03-03T11:54:18+01:00<\/span><span>3. M\u00e4rz 2026<\/span><span class=\"fusion-inline-sep\">|<\/span><\/p><p> Zur Erweiterung unseres Teams ben\u00f6tigen wir ab sofort eine\/n Quereinsteiger\/in Monteur\/in Heizung\/Sanit\u00e4r\/Elektriker (w\/m\/d) oder \u00e4hnliches.  Deine Aufgaben  F\u00fcr unsere Kunden \u00fcbernimmst Du die Neumontage von K\u00e4lte- und Klimaanlagen f\u00fcr verschiedene Projekte Wartung, [...]<\/p><\/div><\/article><article class=\"post fusion-column column col col-lg-6 col-md-6 col-sm-6\"><div class=\"recent-posts-content\"><span class=\"vcard\" style=\"display: none;\"><span class=\"fn\"><a href=\"https:\/\/www.meyer-kuehlanlagen.de\/index.php\/author\/info_c2bnor23\/\" title=\"Beitr\u00e4ge von admin\" rel=\"author\">admin<\/a><\/span><\/span><span class=\"updated\" style=\"display:none;\">2026-03-03T11:55:11+01:00<\/span><h4 class=\"entry-title\"><a href=\"https:\/\/www.meyer-kuehlanlagen.de\/index.php\/2026\/03\/03\/nichts-passendes-dabei\/\">Auszubildende\/r zur\/zum Mechatroniker\/in f\u00fcr K\u00e4lte- und Klimatechnik (w\/m\/d) f\u00fcr das Lehrjahr 2026<\/a><\/h4><p class=\"meta\"><span class=\"vcard\" style=\"display: none;\"><span class=\"fn\"><a href=\"https:\/\/www.meyer-kuehlanlagen.de\/index.php\/author\/info_c2bnor23\/\" title=\"Beitr\u00e4ge von admin\" rel=\"author\">admin<\/a><\/span><\/span><span class=\"updated\" style=\"display:none;\">2026-03-03T11:55:11+01:00<\/span><span>3. M\u00e4rz 2026<\/span><span class=\"fusion-inline-sep\">|<\/span><\/p><p> \u00a0 Du interessierst Dich f\u00fcr alles rund um das Planen und Montieren von Anlagen und Systemen der K\u00e4lte- und Klimatechnik? Du legst Wert auf exzellente Ausbildung? Du suchst ein Job mit Zukunft und legst [...]<\/p><\/div><\/article><article class=\"post fusion-column column col col-lg-6 col-md-6 col-sm-6\"><div class=\"recent-posts-content\"><span class=\"vcard\" style=\"display: none;\"><span class=\"fn\"><a href=\"https:\/\/www.meyer-kuehlanlagen.de\/index.php\/author\/info_c2bnor23\/\" title=\"Beitr\u00e4ge von admin\" rel=\"author\">admin<\/a><\/span><\/span><span class=\"updated\" style=\"display:none;\">2026-03-03T11:54:45+01:00<\/span><h4 class=\"entry-title\"><a href=\"https:\/\/www.meyer-kuehlanlagen.de\/index.php\/2026\/03\/03\/auszubildende-r-zur-zum-mechatroniker-in-fuer-kaelte-und-klimatechnik\/\">Mechatroniker\/in f\u00fcr K\u00e4lte- und Klimatechnik (w\/m\/d)<\/a><\/h4><p class=\"meta\"><span class=\"vcard\" style=\"display: none;\"><span class=\"fn\"><a href=\"https:\/\/www.meyer-kuehlanlagen.de\/index.php\/author\/info_c2bnor23\/\" title=\"Beitr\u00e4ge von admin\" rel=\"author\">admin<\/a><\/span><\/span><span class=\"updated\" style=\"display:none;\">2026-03-03T11:54:45+01:00<\/span><span>3. M\u00e4rz 2026<\/span><span class=\"fusion-inline-sep\">|<\/span><\/p><p>Zur Erweiterung unseres Teams ben\u00f6tigen wir ab sofort eine\/n Mechatroniker\/in f\u00fcr K\u00e4lte- und Klimatechnik (m\/w\/d).  Deine Aufgaben  F\u00fcr unsere Kunden \u00fcbernimmst Du die Neumontage- und Inbetriebnahme von K\u00e4lte- und Klimaanlagen f\u00fcr verschiedene Projekte [...]<\/p><\/div><\/article><\/section><\/div><\/div><\/div><\/div><\/div><div class=\"fusion-fullwidth fullwidth-box fusion-builder-row-3 fusion-flex-container nonhundred-percent-fullwidth non-hundred-percent-height-scrolling\" style=\"--awb-border-radius-top-left:0px;--awb-border-radius-top-right:0px;--awb-border-radius-bottom-right:0px;--awb-border-radius-bottom-left:0px;--awb-padding-top:42px;--awb-flex-wrap:wrap;\" ><div class=\"fusion-builder-row fusion-row fusion-flex-align-items-flex-start fusion-flex-content-wrap\" style=\"max-width:1216.8px;margin-left: calc(-4% \/ 2 );margin-right: calc(-4% \/ 2 );\"><div class=\"fusion-layout-column fusion_builder_column fusion-builder-column-3 fusion_builder_column_1_1 1_1 fusion-flex-column\" style=\"--awb-bg-size:cover;--awb-width-large:100%;--awb-margin-top-large:0px;--awb-spacing-right-large:1.92%;--awb-margin-bottom-large:20px;--awb-spacing-left-large:1.92%;--awb-width-medium:100%;--awb-order-medium:0;--awb-spacing-right-medium:1.92%;--awb-spacing-left-medium:1.92%;--awb-width-small:100%;--awb-order-small:0;--awb-spacing-right-small:1.92%;--awb-spacing-left-small:1.92%;\"><div class=\"fusion-column-wrapper fusion-column-has-shadow fusion-flex-justify-content-flex-start fusion-content-layout-column\"><div class=\"fusion-title title fusion-title-2 fusion-sep-none fusion-title-text fusion-title-size-one\"><h1 class=\"fusion-title-heading title-heading-left fusion-responsive-typography-calculated\" style=\"margin:0;--fontSize:32;line-height:1.4;\">Nichts passendes dabei?<\/h1><\/div><div class=\"fusion-text fusion-text-2\"><p>Da wir aber auch zuk\u00fcnftig weiter wachsen wollen, haben wir f\u00fcr <strong>Initiativbewerbungen<\/strong> immer ein offenes Ohr.<br \/>\nWenn Du also der Meinung bist, wir sollten Dich kennenlernen, dann schicke uns Deine aussagekr\u00e4ftigen Unterlagen.<\/p>\n<p><strong style=\"color: var(--body_typography-color); font-family: var(--body_typography-font-family); font-size: var(--body_typography-font-size); font-style: var(--body_typography-font-style,normal); letter-spacing: var(--body_typography-letter-spacing);\">\u00a0<\/strong><\/p>\n<p><strong style=\"color: var(--body_typography-color); font-family: var(--body_typography-font-family); font-size: var(--body_typography-font-size); font-style: var(--body_typography-font-style,normal); letter-spacing: var(--body_typography-letter-spacing);\">Alle Bewerbungsunterlagen werden vertraulich behandelt. Ihre schriftliche Bewerbung richten Sie bitte an.<\/strong><\/p>\n<div class=\"wpb_text_column wpb_content_element \">\n<div class=\"wpb_wrapper\">\n<p>Meyer K\u00fchlanlagen GmbH<br \/>\nBuchbinderstra\u00dfe 3<br \/>\n27793 Wildeshausen<\/p>\n<p class=\"phone\">Telefon: +49 4431 2348<br \/>\nEmail: <a href=\"mailto:info@meyer-kuehlanlagen.de\">info@meyer-kuehlanlagen.de<\/a><\/p>\n<\/div>\n<\/div>\n<\/div><\/div><\/div><\/div><\/div><\/p>\n","protected":false},"excerpt":{"rendered":"","protected":false},"author":1,"featured_media":0,"parent":0,"menu_order":0,"comment_status":"closed","ping_status":"closed","template":"100-width.php","meta":{"footnotes":""},"class_list":["post-1350","page","type-page","status-publish","hentry"],"_links":{"self":[{"href":"https:\/\/www.meyer-kuehlanlagen.de\/index.php\/wp-json\/wp\/v2\/pages\/1350","targetHints":{"allow":["GET"]}}],"collection":[{"href":"https:\/\/www.meyer-kuehlanlagen.de\/index.php\/wp-json\/wp\/v2\/pages"}],"about":[{"href":"https:\/\/www.meyer-kuehlanlagen.de\/index.php\/wp-json\/wp\/v2\/types\/page"}],"author":[{"embeddable":true,"href":"https:\/\/www.meyer-kuehlanlagen.de\/index.php\/wp-json\/wp\/v2\/users\/1"}],"replies":[{"embeddable":true,"href":"https:\/\/www.meyer-kuehlanlagen.de\/index.php\/wp-json\/wp\/v2\/comments?post=1350"}],"version-history":[{"count":13,"href":"https:\/\/www.meyer-kuehlanlagen.de\/index.php\/wp-json\/wp\/v2\/pages\/1350\/revisions"}],"predecessor-version":[{"id":1491,"href":"https:\/\/www.meyer-kuehlanlagen.de\/index.php\/wp-json\/wp\/v2\/pages\/1350\/revisions\/1491"}],"wp:attachment":[{"href":"https:\/\/www.meyer-kuehlanlagen.de\/index.php\/wp-json\/wp\/v2\/media?parent=1350"}],"curies":[{"name":"wp","href":"https:\/\/api.w.org\/{rel}","templated":true}]}}